{"id":114,"date":"2018-06-30T19:19:36","date_gmt":"2018-06-30T17:19:36","guid":{"rendered":"http:\/\/aki-ito.com\/?page_id=114"},"modified":"2025-03-14T16:05:39","modified_gmt":"2025-03-14T15:05:39","slug":"bio","status":"publish","type":"page","link":"https:\/\/aki-ito.com\/index.php\/bio\/","title":{"rendered":"Bio"},"content":{"rendered":"\t\t<div data-elementor-type=\"wp-post\" data-elementor-id=\"114\" class=\"elementor elementor-114\">\n\t\t\t\t\t\t<section class=\"elementor-section elementor-top-section elementor-element elementor-element-19e0bdec elementor-section-boxed elementor-section-height-default elementor-section-height-default\" data-id=\"19e0bdec\" data-element_type=\"section\" data-e-type=\"section\">\n\t\t\t\t\t\t<div class=\"elementor-container elementor-column-gap-default\">\n\t\t\t\t\t<div class=\"elementor-column elementor-col-100 elementor-top-column elementor-element elementor-element-60f0a583\" data-id=\"60f0a583\" data-element_type=\"column\" data-e-type=\"column\">\n\t\t\t<div class=\"elementor-widget-wrap elementor-element-populated\">\n\t\t\t\t\t\t<div class=\"elementor-element elementor-element-780553b8 elementor-invisible elementor-widget elementor-widget-text-editor\" data-id=\"780553b8\" data-element_type=\"widget\" data-e-type=\"widget\" data-settings=\"{&quot;_animation&quot;:&quot;fadeIn&quot;}\" data-widget_type=\"text-editor.default\">\n\t\t\t\t<div class=\"elementor-widget-container\">\n\t\t\t\t\t\t\t\t\t<p>Compositrice japonaise. En poursuivant son concept de la lenteur, elle se focalise sur l\u2019\u00e9tude d\u2019un syst\u00e8me temporel inspir\u00e9 par l\u2019astronomie. La lenteur qu\u2019elle d\u00e9finit est un espace temporel qui change lentement et perp\u00e9tuellement, o\u00f9 plusieurs p\u00e9riodes diff\u00e9rentes coexistent et s\u2019influencent entre elles. Dans ce sens, le temps est relatif et interactif pour elle, qui se modifie selon les points de vue.<\/p><p>Apr\u00e8s ses \u00e9tudes au CNSM de Paris, elle d\u00e9veloppe son travail personnel et multidisciplinaire. Elle a collabor\u00e9 pour diff\u00e9rents projets avec Eric-Maria Couturier, Mayu Sato Br\u00e9maud, Tuuli Lindeberg, Richard Siegal (chor\u00e9graphe), Fr\u00e9d\u00e9ric Bevilacqua (ISMM, Ircam), Jean-Philippe Lambert (chercheur interaction multim\u00e9dia), Eira Stenberg (po\u00e8te, autrice), Emmanuel Rollinde (astrophysicien en p\u00e9dagogie), F\u00e9licie d&rsquo;Estienne d&rsquo;Orves (artiste plasticienne).<\/p><p>Ses projets de cr\u00e9ation et de recherches ont \u00e9t\u00e9 subventionn\u00e9s par l\u2019Institut fran\u00e7ais, Kone foundation, Sibelius fund et I&rsquo;Ircam. Elle a \u00e9t\u00e9 boursi\u00e8re de la Casa de Vel\u00e1zquez en 2011.<\/p><p>Elle est actuellement compositrice invit\u00e9e en recherche \u00e0 l&rsquo;\u00e9quipe ISMM \u00e0 l&rsquo;Ircam. La collaboration avec des chercheurs l&rsquo;int\u00e9resse pour r\u00e9aliser ses id\u00e9es musicales au travers de possibilit\u00e9s et de contraintes technologiques.<\/p>\t\t\t\t\t\t\t\t<\/div>\n\t\t\t\t<\/div>\n\t\t\t\t\t<\/div>\n\t\t<\/div>\n\t\t\t\t\t<\/div>\n\t\t<\/section>\n\t\t\t\t<section class=\"elementor-section elementor-top-section elementor-element elementor-element-16ef516 elementor-section-boxed elementor-section-height-default elementor-section-height-default\" data-id=\"16ef516\" data-element_type=\"section\" data-e-type=\"section\">\n\t\t\t\t\t\t<div class=\"elementor-container elementor-column-gap-default\">\n\t\t\t\t\t<div class=\"elementor-column elementor-col-100 elementor-top-column elementor-element elementor-element-57cf544\" data-id=\"57cf544\" data-element_type=\"column\" data-e-type=\"column\">\n\t\t\t<div class=\"elementor-widget-wrap elementor-element-populated\">\n\t\t\t\t\t\t<div class=\"elementor-element elementor-element-1939791 elementor-widget elementor-widget-spacer\" data-id=\"1939791\" data-element_type=\"widget\" data-e-type=\"widget\" data-widget_type=\"spacer.default\">\n\t\t\t\t<div class=\"elementor-widget-container\">\n\t\t\t\t\t\t\t<div class=\"elementor-spacer\">\n\t\t\t<div class=\"elementor-spacer-inner\"><\/div>\n\t\t<\/div>\n\t\t\t\t\t\t<\/div>\n\t\t\t\t<\/div>\n\t\t\t\t<div class=\"elementor-element elementor-element-56e493f elementor-widget elementor-widget-spacer\" data-id=\"56e493f\" data-element_type=\"widget\" data-e-type=\"widget\" data-widget_type=\"spacer.default\">\n\t\t\t\t<div class=\"elementor-widget-container\">\n\t\t\t\t\t\t\t<div class=\"elementor-spacer\">\n\t\t\t<div class=\"elementor-spacer-inner\"><\/div>\n\t\t<\/div>\n\t\t\t\t\t\t<\/div>\n\t\t\t\t<\/div>\n\t\t\t\t<div class=\"elementor-element elementor-element-d3ac135 elementor-widget elementor-widget-text-editor\" data-id=\"d3ac135\" data-element_type=\"widget\" data-e-type=\"widget\" data-widget_type=\"text-editor.default\">\n\t\t\t\t<div class=\"elementor-widget-container\">\n\t\t\t\t\t\t\t\t\t<p style=\"text-align: center;\">__________________________________________<br \/>Copyright 2025 Aki Ito Tous droits r\u00e9serv\u00e9s.<\/p>\t\t\t\t\t\t\t\t<\/div>\n\t\t\t\t<\/div>\n\t\t\t\t\t<\/div>\n\t\t<\/div>\n\t\t\t\t\t<\/div>\n\t\t<\/section>\n\t\t\t\t<\/div>\n\t\t","protected":false},"excerpt":{"rendered":"<p>Compositrice japonaise. En poursuivant son concept de la lenteur, elle se focalise sur l\u2019\u00e9tude d\u2019un syst\u00e8me temporel inspir\u00e9 par l\u2019astronomie. La lenteur qu\u2019elle d\u00e9finit est un espace temporel qui change lentement et perp\u00e9tuellement, o\u00f9 plusieurs p\u00e9riodes diff\u00e9rentes coexistent et s\u2019influencent entre elles. Dans ce sens, le temps est relatif et interactif pour elle, qui se [&hellip;]<\/p>\n","protected":false},"author":2,"featured_media":0,"parent":0,"menu_order":6,"comment_status":"closed","ping_status":"closed","template":"","meta":{"footnotes":""},"class_list":["post-114","page","type-page","status-publish","hentry"],"_links":{"self":[{"href":"https:\/\/aki-ito.com\/index.php\/wp-json\/wp\/v2\/pages\/114","targetHints":{"allow":["GET"]}}],"collection":[{"href":"https:\/\/aki-ito.com\/index.php\/wp-json\/wp\/v2\/pages"}],"about":[{"href":"https:\/\/aki-ito.com\/index.php\/wp-json\/wp\/v2\/types\/page"}],"author":[{"embeddable":true,"href":"https:\/\/aki-ito.com\/index.php\/wp-json\/wp\/v2\/users\/2"}],"replies":[{"embeddable":true,"href":"https:\/\/aki-ito.com\/index.php\/wp-json\/wp\/v2\/comments?post=114"}],"version-history":[{"count":80,"href":"https:\/\/aki-ito.com\/index.php\/wp-json\/wp\/v2\/pages\/114\/revisions"}],"predecessor-version":[{"id":1934,"href":"https:\/\/aki-ito.com\/index.php\/wp-json\/wp\/v2\/pages\/114\/revisions\/1934"}],"wp:attachment":[{"href":"https:\/\/aki-ito.com\/index.php\/wp-json\/wp\/v2\/media?parent=114"}],"curies":[{"name":"wp","href":"https:\/\/api.w.org\/{rel}","templated":true}]}}