{"id":69,"date":"2018-06-11T01:03:50","date_gmt":"2018-06-10T23:03:50","guid":{"rendered":"http:\/\/aki-ito.com\/?page_id=69"},"modified":"2026-04-24T15:22:49","modified_gmt":"2026-04-24T13:22:49","slug":"projets","status":"publish","type":"page","link":"https:\/\/aki-ito.com\/index.php\/projets\/","title":{"rendered":"Projets"},"content":{"rendered":"\t\t<div data-elementor-type=\"wp-page\" data-elementor-id=\"69\" class=\"elementor elementor-69\">\n\t\t\t\t\t\t<section class=\"elementor-section elementor-top-section elementor-element elementor-element-b95648a elementor-section-boxed elementor-section-height-default elementor-section-height-default\" data-id=\"b95648a\" data-element_type=\"section\" data-e-type=\"section\">\n\t\t\t\t\t\t<div class=\"elementor-container elementor-column-gap-default\">\n\t\t\t\t\t<div class=\"elementor-column elementor-col-100 elementor-top-column elementor-element elementor-element-befce04\" data-id=\"befce04\" data-element_type=\"column\" data-e-type=\"column\">\n\t\t\t<div class=\"elementor-widget-wrap elementor-element-populated\">\n\t\t\t\t\t\t<div class=\"elementor-element elementor-element-8b1a12f elementor-widget elementor-widget-spacer\" data-id=\"8b1a12f\" data-element_type=\"widget\" data-e-type=\"widget\" data-widget_type=\"spacer.default\">\n\t\t\t\t<div class=\"elementor-widget-container\">\n\t\t\t\t\t\t\t<div class=\"elementor-spacer\">\n\t\t\t<div class=\"elementor-spacer-inner\"><\/div>\n\t\t<\/div>\n\t\t\t\t\t\t<\/div>\n\t\t\t\t<\/div>\n\t\t\t\t<div class=\"elementor-element elementor-element-faa8c8b animated-slow elementor-invisible elementor-widget elementor-widget-text-editor\" data-id=\"faa8c8b\" data-element_type=\"widget\" data-e-type=\"widget\" data-settings=\"{&quot;_animation&quot;:&quot;fadeIn&quot;}\" data-widget_type=\"text-editor.default\">\n\t\t\t\t<div class=\"elementor-widget-container\">\n\t\t\t\t\t\t\t\t\t<h3><strong>Plerion (2025-)<\/strong><\/h3><p>Aki Ito et Jean-Philippe Lambert, en collaboration avec<strong> Yui Sakagoshi<\/strong> (saxophoniste)<\/p><p>Production\u00a0 <strong>Libratio\u00a0<br \/><\/strong>Aide\u00a0 <strong>L&rsquo;\u00e9criture d\u2019une \u0153uvre musicale originale de la DRAC Auvergne-Rho\u0302ne-Alpes, Maison de la Musique Contemporaine<\/strong><\/p>\t\t\t\t\t\t\t\t<\/div>\n\t\t\t\t<\/div>\n\t\t\t\t<div class=\"elementor-element elementor-element-39be78d elementor-widget__width-initial animated-slow elementor-invisible elementor-widget elementor-widget-image\" data-id=\"39be78d\" data-element_type=\"widget\" data-e-type=\"widget\" data-settings=\"{&quot;_animation&quot;:&quot;fadeIn&quot;}\" data-widget_type=\"image.default\">\n\t\t\t\t<div class=\"elementor-widget-container\">\n\t\t\t\t\t\t\t\t\t\t\t\t\t\t\t<img fetchpriority=\"high\" decoding=\"async\" width=\"2472\" height=\"2560\" src=\"https:\/\/aki-ito.com\/wp-content\/uploads\/2026\/04\/PREFETE_region_Auvergne_Rhone_Alpes_RVB-scaled.jpg\" class=\"attachment-full size-full wp-image-2272\" alt=\"\" srcset=\"https:\/\/aki-ito.com\/wp-content\/uploads\/2026\/04\/PREFETE_region_Auvergne_Rhone_Alpes_RVB-scaled.jpg 2472w, https:\/\/aki-ito.com\/wp-content\/uploads\/2026\/04\/PREFETE_region_Auvergne_Rhone_Alpes_RVB-290x300.jpg 290w, https:\/\/aki-ito.com\/wp-content\/uploads\/2026\/04\/PREFETE_region_Auvergne_Rhone_Alpes_RVB-989x1024.jpg 989w, https:\/\/aki-ito.com\/wp-content\/uploads\/2026\/04\/PREFETE_region_Auvergne_Rhone_Alpes_RVB-768x795.jpg 768w, https:\/\/aki-ito.com\/wp-content\/uploads\/2026\/04\/PREFETE_region_Auvergne_Rhone_Alpes_RVB-1483x1536.jpg 1483w, https:\/\/aki-ito.com\/wp-content\/uploads\/2026\/04\/PREFETE_region_Auvergne_Rhone_Alpes_RVB-1978x2048.jpg 1978w\" sizes=\"(max-width: 2472px) 100vw, 2472px\" \/>\t\t\t\t\t\t\t\t\t\t\t\t\t\t\t<\/div>\n\t\t\t\t<\/div>\n\t\t\t\t<div class=\"elementor-element elementor-element-e7c511d elementor-widget__width-initial animated-slow elementor-invisible elementor-widget elementor-widget-image\" data-id=\"e7c511d\" data-element_type=\"widget\" data-e-type=\"widget\" data-settings=\"{&quot;_animation&quot;:&quot;fadeIn&quot;}\" data-widget_type=\"image.default\">\n\t\t\t\t<div class=\"elementor-widget-container\">\n\t\t\t\t\t\t\t\t\t\t\t\t\t\t\t<img decoding=\"async\" width=\"1280\" height=\"319\" src=\"https:\/\/aki-ito.com\/wp-content\/uploads\/2026\/04\/mmc_logo_rectangle_bleu.png\" class=\"attachment-full size-full wp-image-2244\" alt=\"\" srcset=\"https:\/\/aki-ito.com\/wp-content\/uploads\/2026\/04\/mmc_logo_rectangle_bleu.png 1280w, https:\/\/aki-ito.com\/wp-content\/uploads\/2026\/04\/mmc_logo_rectangle_bleu-300x75.png 300w, https:\/\/aki-ito.com\/wp-content\/uploads\/2026\/04\/mmc_logo_rectangle_bleu-1024x255.png 1024w, https:\/\/aki-ito.com\/wp-content\/uploads\/2026\/04\/mmc_logo_rectangle_bleu-768x191.png 768w\" sizes=\"(max-width: 1280px) 100vw, 1280px\" \/>\t\t\t\t\t\t\t\t\t\t\t\t\t\t\t<\/div>\n\t\t\t\t<\/div>\n\t\t\t\t\t<\/div>\n\t\t<\/div>\n\t\t\t\t\t<\/div>\n\t\t<\/section>\n\t\t\t\t<section class=\"elementor-section elementor-top-section elementor-element elementor-element-2431bd5 elementor-section-boxed elementor-section-height-default elementor-section-height-default\" data-id=\"2431bd5\" data-element_type=\"section\" data-e-type=\"section\">\n\t\t\t\t\t\t<div class=\"elementor-container elementor-column-gap-default\">\n\t\t\t\t\t<div class=\"elementor-column elementor-col-100 elementor-top-column elementor-element elementor-element-23cfd92\" data-id=\"23cfd92\" data-element_type=\"column\" data-e-type=\"column\">\n\t\t\t<div class=\"elementor-widget-wrap elementor-element-populated\">\n\t\t\t\t\t\t<div class=\"elementor-element elementor-element-ae531d2 elementor-widget elementor-widget-spacer\" data-id=\"ae531d2\" data-element_type=\"widget\" data-e-type=\"widget\" data-widget_type=\"spacer.default\">\n\t\t\t\t<div class=\"elementor-widget-container\">\n\t\t\t\t\t\t\t<div class=\"elementor-spacer\">\n\t\t\t<div class=\"elementor-spacer-inner\"><\/div>\n\t\t<\/div>\n\t\t\t\t\t\t<\/div>\n\t\t\t\t<\/div>\n\t\t\t\t<div class=\"elementor-element elementor-element-d0128ea animated-slow elementor-invisible elementor-widget elementor-widget-text-editor\" data-id=\"d0128ea\" data-element_type=\"widget\" data-e-type=\"widget\" data-settings=\"{&quot;_animation&quot;:&quot;fadeIn&quot;}\" data-widget_type=\"text-editor.default\">\n\t\t\t\t<div class=\"elementor-widget-container\">\n\t\t\t\t\t\t\t\t\t<h3><strong>Ast\u00e9rismes &#8211; Installation participative (2023-2024)<\/strong><\/h3><p>Aki Ito et Jean-Philippe Lambert, en collaboration avec <strong>F\u00e9licie d\u2019Estienne d\u2019Orves<\/strong> (artiste plasticienne)<strong><br \/><\/strong><\/p><p>Production <strong>Libratio<\/strong><br \/>Production d\u00e9l\u00e9gu\u00e9e\u00a0\u00a0<strong>Hexagone Sc\u00e8ne Nationale (2023-2025)<br \/><\/strong>Co-production\u00a0<strong> Chroniques Biennale des Imaginaires Num\u00e9riques, C\u00e9sar\u00e9 \u2013 CNCM de Reims, Ircam, St\u00e9r\u00e9olux, Ville de Saint-Etienne Festival Pl\u00e9iades<\/strong><br \/>Aide\u00a0<strong> Fondation Daniel et Nina Carasso, Atelier ArtsSciences, Maison de la Musique Contemporaine <br \/><\/strong><\/p><h3><strong>Ast\u00e9rismes &#8211; Concert participatif (2019-)<\/strong><\/h3><p><strong>Aki Ito et<\/strong> <strong>Jean-Philippe Lambert<\/strong> (Interaction) avec le soutien de <strong>l&rsquo;\u00e9quipe ISMM<\/strong> de l&rsquo;IRCAM<\/p><p><a href=\"https:\/\/asterism.es\/\" target=\"_blank\" rel=\"noopener\"><strong>\u2013&gt; Site<\/strong><\/a><\/p><div><strong><a href=\"https:\/\/web.archive.org\/web\/20260209024905\/https:\/\/www.ircam.fr\/article\/aki-ito-jean-philippe-lambert-asterismes\/\">\u2013&gt; Articles sur le projet <\/a><strong>(blog des r\u00e9sidences artistiques de l&rsquo;Ircam)<\/strong><br \/><\/strong><\/div><p><strong><br \/><\/strong>Soutien\u00a0<strong> Ircam, P\u00e9pini\u00e8res Europ\u00e9ennes de Cr\u00e9ation, Transcultures (Belgique), Ch\u00e2teau \u00c9ph\u00e9m\u00e8re, ARCAN, Reservoir Festival (Allemagne)<\/strong><\/p>\t\t\t\t\t\t\t\t<\/div>\n\t\t\t\t<\/div>\n\t\t\t\t\t<\/div>\n\t\t<\/div>\n\t\t\t\t\t<\/div>\n\t\t<\/section>\n\t\t\t\t<section class=\"elementor-section elementor-top-section elementor-element elementor-element-7de6a55e elementor-section-boxed elementor-section-height-default elementor-section-height-default\" data-id=\"7de6a55e\" data-element_type=\"section\" data-e-type=\"section\">\n\t\t\t\t\t\t<div class=\"elementor-container elementor-column-gap-default\">\n\t\t\t\t\t<div class=\"elementor-column elementor-col-100 elementor-top-column elementor-element elementor-element-47647259\" data-id=\"47647259\" data-element_type=\"column\" data-e-type=\"column\">\n\t\t\t<div class=\"elementor-widget-wrap elementor-element-populated\">\n\t\t\t\t\t\t<div class=\"elementor-element elementor-element-4c9f7dc elementor-widget elementor-widget-spacer\" data-id=\"4c9f7dc\" data-element_type=\"widget\" data-e-type=\"widget\" data-widget_type=\"spacer.default\">\n\t\t\t\t<div class=\"elementor-widget-container\">\n\t\t\t\t\t\t\t<div class=\"elementor-spacer\">\n\t\t\t<div class=\"elementor-spacer-inner\"><\/div>\n\t\t<\/div>\n\t\t\t\t\t\t<\/div>\n\t\t\t\t<\/div>\n\t\t\t\t<div class=\"elementor-element elementor-element-5b3b258d animated-slow elementor-invisible elementor-widget elementor-widget-text-editor\" data-id=\"5b3b258d\" data-element_type=\"widget\" data-e-type=\"widget\" data-settings=\"{&quot;_animation&quot;:&quot;fadeIn&quot;}\" data-widget_type=\"text-editor.default\">\n\t\t\t\t<div class=\"elementor-widget-container\">\n\t\t\t\t\t\t\t\t\t<h3><strong>Parrakas Madonna &#8211; The Bearded Madonna &#8211;\u00a0 <\/strong><strong>(2016-) <\/strong><\/h3><h6>Mono op\u00e9ra avec marionettes Bunraku, <span style=\"color: #000000;\">en collaboration avec Eira Stenberg (livret) <\/span><span style=\"color: #000000;\">et Iida Vanttaja (marionettes Bunraku)<\/span><\/h6><h6><span style=\"color: #000000;\">Aide\u00a0 <strong>Sibelius fund-<\/strong><\/span><strong>Pegasos grants<\/strong> (Finlande), <strong>Majaoja Foundation<\/strong> (Finlande)<strong><br \/><\/strong><\/h6><h6><span style=\"color: #000000;\">\u00a0<\/span><\/h6>\t\t\t\t\t\t\t\t<\/div>\n\t\t\t\t<\/div>\n\t\t\t\t<div class=\"elementor-element elementor-element-3b133dc elementor-widget elementor-widget-spacer\" data-id=\"3b133dc\" data-element_type=\"widget\" data-e-type=\"widget\" data-widget_type=\"spacer.default\">\n\t\t\t\t<div class=\"elementor-widget-container\">\n\t\t\t\t\t\t\t<div class=\"elementor-spacer\">\n\t\t\t<div class=\"elementor-spacer-inner\"><\/div>\n\t\t<\/div>\n\t\t\t\t\t\t<\/div>\n\t\t\t\t<\/div>\n\t\t\t\t\t<\/div>\n\t\t<\/div>\n\t\t\t\t\t<\/div>\n\t\t<\/section>\n\t\t\t\t<section class=\"elementor-section elementor-top-section elementor-element elementor-element-f8da488 elementor-section-boxed elementor-section-height-default elementor-section-height-default\" data-id=\"f8da488\" data-element_type=\"section\" data-e-type=\"section\">\n\t\t\t\t\t\t<div class=\"elementor-container elementor-column-gap-default\">\n\t\t\t\t\t<div class=\"elementor-column elementor-col-100 elementor-top-column elementor-element elementor-element-c151aca\" data-id=\"c151aca\" data-element_type=\"column\" data-e-type=\"column\">\n\t\t\t<div class=\"elementor-widget-wrap elementor-element-populated\">\n\t\t\t\t\t\t<div class=\"elementor-element elementor-element-09bff86 elementor-widget elementor-widget-text-editor\" data-id=\"09bff86\" data-element_type=\"widget\" data-e-type=\"widget\" data-widget_type=\"text-editor.default\">\n\t\t\t\t<div class=\"elementor-widget-container\">\n\t\t\t\t\t\t\t\t\t<p>______________________________________________<br \/>Copyright 2025 Aki Ito Tous droits r\u00e9serv\u00e9s<\/p>\t\t\t\t\t\t\t\t<\/div>\n\t\t\t\t<\/div>\n\t\t\t\t\t<\/div>\n\t\t<\/div>\n\t\t\t\t\t<\/div>\n\t\t<\/section>\n\t\t\t\t<\/div>\n\t\t","protected":false},"excerpt":{"rendered":"<p>Plerion (2025-) Aki Ito et Jean-Philippe Lambert, en collaboration avec Yui Sakagoshi (saxophoniste) Production\u00a0 Libratio\u00a0Aide\u00a0 L&rsquo;\u00e9criture d\u2019une \u0153uvre musicale originale de la DRAC Auvergne-Rho\u0302ne-Alpes, Maison de la Musique Contemporaine Ast\u00e9rismes &#8211; Installation participative (2023-2024) Aki Ito et Jean-Philippe Lambert, en collaboration avec F\u00e9licie d\u2019Estienne d\u2019Orves (artiste plasticienne) Production LibratioProduction d\u00e9l\u00e9gu\u00e9e\u00a0\u00a0Hexagone Sc\u00e8ne Nationale (2023-2025)Co-production\u00a0 Chroniques Biennale [&hellip;]<\/p>\n","protected":false},"author":2,"featured_media":0,"parent":0,"menu_order":3,"comment_status":"closed","ping_status":"closed","template":"","meta":{"footnotes":""},"class_list":["post-69","page","type-page","status-publish","hentry"],"_links":{"self":[{"href":"https:\/\/aki-ito.com\/index.php\/wp-json\/wp\/v2\/pages\/69","targetHints":{"allow":["GET"]}}],"collection":[{"href":"https:\/\/aki-ito.com\/index.php\/wp-json\/wp\/v2\/pages"}],"about":[{"href":"https:\/\/aki-ito.com\/index.php\/wp-json\/wp\/v2\/types\/page"}],"author":[{"embeddable":true,"href":"https:\/\/aki-ito.com\/index.php\/wp-json\/wp\/v2\/users\/2"}],"replies":[{"embeddable":true,"href":"https:\/\/aki-ito.com\/index.php\/wp-json\/wp\/v2\/comments?post=69"}],"version-history":[{"count":656,"href":"https:\/\/aki-ito.com\/index.php\/wp-json\/wp\/v2\/pages\/69\/revisions"}],"predecessor-version":[{"id":2333,"href":"https:\/\/aki-ito.com\/index.php\/wp-json\/wp\/v2\/pages\/69\/revisions\/2333"}],"wp:attachment":[{"href":"https:\/\/aki-ito.com\/index.php\/wp-json\/wp\/v2\/media?parent=69"}],"curies":[{"name":"wp","href":"https:\/\/api.w.org\/{rel}","templated":true}]}}